{"id":2470,"date":"2023-02-23T13:35:19","date_gmt":"2023-02-23T13:35:19","guid":{"rendered":"https:\/\/ukino-hotels.com\/gruppenbuchungen\/"},"modified":"2023-12-28T18:44:34","modified_gmt":"2023-12-28T18:44:34","slug":"gruppenbuchungen","status":"publish","type":"page","link":"https:\/\/ukino-hotels.com\/de\/gruppenbuchungen\/","title":{"rendered":"GRUPPENBUCHUNGEN"},"content":{"rendered":"\t\t<div data-elementor-type=\"wp-page\" data-elementor-id=\"2470\" class=\"elementor elementor-2470 elementor-602\" data-elementor-post-type=\"page\">\n\t\t\t\t\t\t<section class=\"elementor-section elementor-top-section elementor-element elementor-element-be1a22f elementor-section-height-min-height elementor-section-boxed elementor-section-height-default elementor-section-items-middle\" data-id=\"be1a22f\" data-element_type=\"section\" data-e-type=\"section\" data-settings=\"{&quot;background_background&quot;:&quot;classic&quot;,&quot;jet_parallax_layout_list&quot;:[]}\">\n\t\t\t\t\t\t\t<div class=\"elementor-background-overlay\"><\/div>\n\t\t\t\t\t\t\t<div class=\"elementor-container elementor-column-gap-default\">\n\t\t\t\t\t<div class=\"elementor-column elementor-col-100 elementor-top-column elementor-element elementor-element-50af670\" data-id=\"50af670\" data-element_type=\"column\" data-e-type=\"column\">\n\t\t\t<div class=\"elementor-widget-wrap elementor-element-populated\">\n\t\t\t\t\t\t<div class=\"elementor-element elementor-element-5e77a76 elementor-widget elementor-widget-heading\" data-id=\"5e77a76\" data-element_type=\"widget\" data-e-type=\"widget\" data-widget_type=\"heading.default\">\n\t\t\t\t<div class=\"elementor-widget-container\">\n\t\t\t\t\t<div class=\"elementor-heading-title elementor-size-default\">GRUPPENBUCHUNGEN<\/div>\t\t\t\t<\/div>\n\t\t\t\t<\/div>\n\t\t\t\t\t<\/div>\n\t\t<\/div>\n\t\t\t\t\t<\/div>\n\t\t<\/section>\n\t\t\t\t<section class=\"elementor-section elementor-top-section elementor-element elementor-element-a2b24d4 elementor-section-boxed elementor-section-height-default elementor-section-height-default\" data-id=\"a2b24d4\" data-element_type=\"section\" data-e-type=\"section\" data-settings=\"{&quot;jet_parallax_layout_list&quot;:[]}\">\n\t\t\t\t\t\t<div class=\"elementor-container elementor-column-gap-default\">\n\t\t\t\t\t<div class=\"elementor-column elementor-col-100 elementor-top-column elementor-element elementor-element-f0c78d1\" data-id=\"f0c78d1\" data-element_type=\"column\" data-e-type=\"column\">\n\t\t\t<div class=\"elementor-widget-wrap elementor-element-populated\">\n\t\t\t\t\t\t<div class=\"elementor-element elementor-element-672c36a elementor-widget elementor-widget-heading\" data-id=\"672c36a\" data-element_type=\"widget\" data-e-type=\"widget\" data-widget_type=\"heading.default\">\n\t\t\t\t<div class=\"elementor-widget-container\">\n\t\t\t\t\t<h2 class=\"elementor-heading-title elementor-size-default\">FINDEN SIE ALLES, WAS SIE F\u00dcR IHR BEN\u00d6TIGEN\nEIN UNVERGESSLICHES EREIGNIS<\/h2>\t\t\t\t<\/div>\n\t\t\t\t<\/div>\n\t\t\t\t\t<\/div>\n\t\t<\/div>\n\t\t\t\t\t<\/div>\n\t\t<\/section>\n\t\t\t\t<section class=\"elementor-section elementor-top-section elementor-element elementor-element-170d4ea elementor-section-boxed elementor-section-height-default elementor-section-height-default\" data-id=\"170d4ea\" data-element_type=\"section\" data-e-type=\"section\" data-settings=\"{&quot;jet_parallax_layout_list&quot;:[]}\">\n\t\t\t\t\t\t<div class=\"elementor-container elementor-column-gap-default\">\n\t\t\t\t\t<div class=\"elementor-column elementor-col-100 elementor-top-column elementor-element elementor-element-5357ca8\" data-id=\"5357ca8\" data-element_type=\"column\" data-e-type=\"column\">\n\t\t\t<div class=\"elementor-widget-wrap elementor-element-populated\">\n\t\t\t\t\t\t<section class=\"elementor-section elementor-inner-section elementor-element elementor-element-e577a56 elementor-section-boxed elementor-section-height-default elementor-section-height-default\" data-id=\"e577a56\" data-element_type=\"section\" data-e-type=\"section\" data-settings=\"{&quot;jet_parallax_layout_list&quot;:[],&quot;background_background&quot;:&quot;classic&quot;}\">\n\t\t\t\t\t\t<div class=\"elementor-container elementor-column-gap-default\">\n\t\t\t\t\t<div class=\"elementor-column elementor-col-100 elementor-inner-column elementor-element elementor-element-1ef6691\" data-id=\"1ef6691\" data-element_type=\"column\" data-e-type=\"column\">\n\t\t\t<div class=\"elementor-widget-wrap elementor-element-populated\">\n\t\t\t\t\t\t<div class=\"elementor-element elementor-element-5ec25b8 elementor-button-align-stretch elementor-widget elementor-widget-form\" data-id=\"5ec25b8\" data-element_type=\"widget\" data-e-type=\"widget\" data-settings=\"{&quot;step_next_label&quot;:&quot;N\\u00e4chste&quot;,&quot;step_previous_label&quot;:&quot;Anterior&quot;,&quot;button_width&quot;:&quot;100&quot;,&quot;step_type&quot;:&quot;number_text&quot;,&quot;step_icon_shape&quot;:&quot;circle&quot;}\" data-widget_type=\"form.default\">\n\t\t\t\t<div class=\"elementor-widget-container\">\n\t\t\t\t\t\t\t<form class=\"elementor-form\" method=\"post\" name=\"New Form\" aria-label=\"New Form\">\n\t\t\t<input type=\"hidden\" name=\"post_id\" value=\"2470\"\/>\n\t\t\t<input type=\"hidden\" name=\"form_id\" value=\"5ec25b8\"\/>\n\t\t\t<input type=\"hidden\" name=\"referer_title\" value=\"GRUPPENBUCHUNGEN - UKINO\" \/>\n\n\t\t\t\t\t\t\t<input type=\"hidden\" name=\"queried_id\" value=\"2470\"\/>\n\t\t\t\n\t\t\t<div class=\"elementor-form-fields-wrapper elementor-labels-above\">\n\t\t\t\t\t\t\t\t<div class=\"elementor-field-type-text elementor-field-group elementor-column elementor-field-group-name elementor-col-100 elementor-field-required\">\n\t\t\t\t\t\t\t\t\t\t\t\t<label for=\"form-field-name\" class=\"elementor-field-label\">\n\t\t\t\t\t\t\t\tNAME *\t\t\t\t\t\t\t<\/label>\n\t\t\t\t\t\t\t\t\t\t\t\t\t\t<input size=\"1\" type=\"text\" name=\"form_fields[name]\" id=\"form-field-name\" class=\"elementor-field elementor-size-sm  elementor-field-textual\" placeholder=\"Vollst\u00e4ndiger Name\" required=\"required\">\n\t\t\t\t\t\t\t\t\t\t\t<\/div>\n\t\t\t\t\t\t\t\t<div class=\"elementor-field-type-checkbox elementor-field-group elementor-column elementor-field-group-field_b18f6ff elementor-col-50\">\n\t\t\t\t\t<div class=\"elementor-field-subgroup  \"><span class=\"elementor-field-option\"><input type=\"checkbox\" value=\"Ich bin ein Reiseb\u00fcro\" id=\"form-field-field_b18f6ff-0\" name=\"form_fields[field_b18f6ff]\"> <label for=\"form-field-field_b18f6ff-0\">Ich bin ein Reiseb\u00fcro<\/label><\/span><\/div>\t\t\t\t<\/div>\n\t\t\t\t\t\t\t\t<div class=\"elementor-field-type-text elementor-field-group elementor-column elementor-field-group-field_1accd15 elementor-col-50\">\n\t\t\t\t\t\t\t\t\t\t\t\t\t<input size=\"1\" type=\"text\" name=\"form_fields[field_1accd15]\" id=\"form-field-field_1accd15\" class=\"elementor-field elementor-size-sm  elementor-field-textual\" placeholder=\"AGENTURNAME\">\n\t\t\t\t\t\t\t\t\t\t\t<\/div>\n\t\t\t\t\t\t\t\t<div class=\"elementor-field-type-email elementor-field-group elementor-column elementor-field-group-email elementor-col-50 elementor-field-required\">\n\t\t\t\t\t\t\t\t\t\t\t\t<label for=\"form-field-email\" class=\"elementor-field-label\">\n\t\t\t\t\t\t\t\tEMAIL *\t\t\t\t\t\t\t<\/label>\n\t\t\t\t\t\t\t\t\t\t\t\t\t\t<input size=\"1\" type=\"email\" name=\"form_fields[email]\" id=\"form-field-email\" class=\"elementor-field elementor-size-sm  elementor-field-textual\" placeholder=\"EMAIL\" required=\"required\">\n\t\t\t\t\t\t\t\t\t\t\t<\/div>\n\t\t\t\t\t\t\t\t<div class=\"elementor-field-type-text elementor-field-group elementor-column elementor-field-group-field_1dc93f6 elementor-col-50 elementor-field-required\">\n\t\t\t\t\t\t\t\t\t\t\t\t<label for=\"form-field-field_1dc93f6\" class=\"elementor-field-label\">\n\t\t\t\t\t\t\t\tTELEFONKONTAKT *\t\t\t\t\t\t\t<\/label>\n\t\t\t\t\t\t\t\t\t\t\t\t\t\t<input size=\"1\" type=\"text\" name=\"form_fields[field_1dc93f6]\" id=\"form-field-field_1dc93f6\" class=\"elementor-field elementor-size-sm  elementor-field-textual\" placeholder=\"Nummer\" required=\"required\">\n\t\t\t\t\t\t\t\t\t\t\t<\/div>\n\t\t\t\t\t\t\t\t<div class=\"elementor-field-type-text elementor-field-group elementor-column elementor-field-group-field_d36ca7a elementor-col-100\">\n\t\t\t\t\t\t\t\t\t\t\t\t<label for=\"form-field-field_d36ca7a\" class=\"elementor-field-label\">\n\t\t\t\t\t\t\t\tAnschrift\t\t\t\t\t\t\t<\/label>\n\t\t\t\t\t\t\t\t\t\t\t\t\t\t<input size=\"1\" type=\"text\" name=\"form_fields[field_d36ca7a]\" id=\"form-field-field_d36ca7a\" class=\"elementor-field elementor-size-sm  elementor-field-textual\" placeholder=\"vollst\u00e4ndige Adresse\">\n\t\t\t\t\t\t\t\t\t\t\t<\/div>\n\t\t\t\t\t\t\t\t<div class=\"elementor-field-type-number elementor-field-group elementor-column elementor-field-group-field_26b41dd elementor-col-50\">\n\t\t\t\t\t\t\t\t\t\t\t\t<label for=\"form-field-field_26b41dd\" class=\"elementor-field-label\">\n\t\t\t\t\t\t\t\tPOSTLEITZAHL\t\t\t\t\t\t\t<\/label>\n\t\t\t\t\t\t\t\t\t<input type=\"number\" name=\"form_fields[field_26b41dd]\" id=\"form-field-field_26b41dd\" class=\"elementor-field elementor-size-sm  elementor-field-textual\" placeholder=\"POSTLEITZAHL\" min=\"\" max=\"\" >\n\t\t\t\t\t\t<\/div>\n\t\t\t\t\t\t\t\t<div class=\"elementor-field-type-url elementor-field-group elementor-column elementor-field-group-field_f0988c0 elementor-col-50\">\n\t\t\t\t\t\t\t\t\t\t\t\t<label for=\"form-field-field_f0988c0\" class=\"elementor-field-label\">\n\t\t\t\t\t\t\t\tWEBSITE\t\t\t\t\t\t\t<\/label>\n\t\t\t\t\t\t\t\t\t\t\t\t\t\t<input size=\"1\" type=\"url\" name=\"form_fields[field_f0988c0]\" id=\"form-field-field_f0988c0\" class=\"elementor-field elementor-size-sm  elementor-field-textual\" placeholder=\"URL\">\n\t\t\t\t\t\t\t\t\t\t\t<\/div>\n\t\t\t\t\t\t\t\t<div class=\"elementor-field-type-text elementor-field-group elementor-column elementor-field-group-field_03c679a elementor-col-20 elementor-field-required\">\n\t\t\t\t\t\t\t\t\t\t\t\t<label for=\"form-field-field_03c679a\" class=\"elementor-field-label\">\n\t\t\t\t\t\t\t\tANZAHL DER PERSONEN *\t\t\t\t\t\t\t<\/label>\n\t\t\t\t\t\t\t\t\t\t\t\t\t\t<input size=\"1\" type=\"text\" name=\"form_fields[field_03c679a]\" id=\"form-field-field_03c679a\" class=\"elementor-field elementor-size-sm  elementor-field-textual\" placeholder=\"BESTIMMTE PERSONENZAHL\" required=\"required\">\n\t\t\t\t\t\t\t\t\t\t\t<\/div>\n\t\t\t\t\t\t\t\t<div class=\"elementor-field-type-select elementor-field-group elementor-column elementor-field-group-field_af3bb10 elementor-col-80 elementor-field-required\">\n\t\t\t\t\t\t\t\t\t\t\t\t<label for=\"form-field-field_af3bb10\" class=\"elementor-field-label\">\n\t\t\t\t\t\t\t\tHOTEL UND REGIME *\t\t\t\t\t\t\t<\/label>\n\t\t\t\t\t\t\t\t<div class=\"elementor-field elementor-select-wrapper remove-before \">\n\t\t\t<div class=\"select-caret-down-wrapper\">\n\t\t\t\t<i aria-hidden=\"true\" class=\"eicon-caret-down\"><\/i>\t\t\t<\/div>\n\t\t\t<select name=\"form_fields[field_af3bb10]\" id=\"form-field-field_af3bb10\" class=\"elementor-field-textual elementor-size-sm\" required=\"required\">\n\t\t\t\t\t\t\t\t\t<option value=\"Algarve (Porches): Ukino Palmeiras Village - Tudo Inclu\u00eddo\">Algarve (Porches): Ukino Palmeiras Village - Tudo Inclu\u00eddo<\/option>\n\t\t\t\t\t\t\t\t\t<option value=\"Algarve (Porches): Ukino Terrace Algarve - S\u00f3 Alojamento\">Algarve (Porches): Ukino Terrace Algarve - S\u00f3 Alojamento<\/option>\n\t\t\t\t\t\t\t\t\t<option value=\"Algarve (Porches): Ukino Terrace Algarve - Alojamento e Pequeno Almo\u00e7o\">Algarve (Porches): Ukino Terrace Algarve - Alojamento e Pequeno Almo\u00e7o<\/option>\n\t\t\t\t\t\t\t\t\t<option value=\"Algarve (Porches): Ukino Terrace Algarve - Meia Pens\u00e3o\">Algarve (Porches): Ukino Terrace Algarve - Meia Pens\u00e3o<\/option>\n\t\t\t\t\t\t\t\t\t<option value=\"Algarve (Porches): Ukino Terrace Algarve - Pens\u00e3o Completa\">Algarve (Porches): Ukino Terrace Algarve - Pens\u00e3o Completa<\/option>\n\t\t\t\t\t\t\t<\/select>\n\t\t<\/div>\n\t\t\t\t\t\t<\/div>\n\t\t\t\t\t\t\t\t<div class=\"elementor-field-type-textarea elementor-field-group elementor-column elementor-field-group-field_b596c9f elementor-col-100\">\n\t\t\t\t\t\t\t\t\t\t\t\t<label for=\"form-field-field_b596c9f\" class=\"elementor-field-label\">\n\t\t\t\t\t\t\t\tKOMMENTARE\t\t\t\t\t\t\t<\/label>\n\t\t\t\t\t\t<textarea class=\"elementor-field-textual elementor-field  elementor-size-sm\" name=\"form_fields[field_b596c9f]\" id=\"form-field-field_b596c9f\" rows=\"2\" placeholder=\"BEWERTUNGEN F\u00dcR DAS HOTEL\"><\/textarea>\t\t\t\t<\/div>\n\t\t\t\t\t\t\t\t<div class=\"elementor-field-type-html elementor-field-group elementor-column elementor-field-group-field_ada7f7f elementor-col-100\">\n\t\t\t\t\tWenn Sie Short Points-LDA Ihre pers\u00f6nlichen Daten zur Verf\u00fcgung stellen, geben Sie Ihr ausdr\u00fcckliches Einverst\u00e4ndnis, dass Ihre Daten ausschlie\u00dflich f\u00fcr den Zweck Ihrer Anfrage verwendet und so lange aufbewahrt werden, wie dies f\u00fcr den Zweck der Anfrage notwendig ist. \nWenn Sie Ihre Rechte gem\u00e4\u00df der Europ\u00e4ischen Datenschutzverordnung in Anspruch nehmen m\u00f6chten, k\u00f6nnen Sie dies, unter den in unserer Datenschutzerkl\u00e4rung dargelegten Bestimmungen tun. \t\t\t\t<\/div>\n\t\t\t\t\t\t\t\t<div class=\"elementor-field-type-acceptance elementor-field-group elementor-column elementor-field-group-field_8c44cfb elementor-col-100 elementor-field-required\">\n\t\t\t\t\t\t\t<div class=\"elementor-field-subgroup\">\n\t\t\t<span class=\"elementor-field-option\">\n\t\t\t\t<input type=\"checkbox\" name=\"form_fields[field_8c44cfb]\" id=\"form-field-field_8c44cfb\" class=\"elementor-field elementor-size-sm  elementor-acceptance-field\" required=\"required\">\n\t\t\t\t<label for=\"form-field-field_8c44cfb\">Ich habe die oben beschriebenen Bedingungen in Bezug auf die Datenverwendung und die <a href=\"https:\/\/ukino-hotels.com\/politica-de-privacidade\/\" target=\"_blank\"><u>Datenschutzrichtlinie<\/u><\/a> von SHORT POINTS - LDA gelesen und akzeptiere sie.<\/label>\t\t\t<\/span>\n\t\t<\/div>\n\t\t\t\t\t\t<\/div>\n\t\t\t\t\t\t\t\t<div class=\"elementor-field-group elementor-column elementor-field-type-submit elementor-col-100 e-form__buttons\">\n\t\t\t\t\t<button class=\"elementor-button elementor-size-sm\" type=\"submit\">\n\t\t\t\t\t\t<span class=\"elementor-button-content-wrapper\">\n\t\t\t\t\t\t\t\t\t\t\t\t\t\t\t\t\t\t\t\t\t\t<span class=\"elementor-button-text\">SENDEN<\/span>\n\t\t\t\t\t\t\t\t\t\t\t\t\t<\/span>\n\t\t\t\t\t<\/button>\n\t\t\t\t<\/div>\n\t\t\t<\/div>\n\t\t<\/form>\n\t\t\t\t\t\t<\/div>\n\t\t\t\t<\/div>\n\t\t\t\t\t<\/div>\n\t\t<\/div>\n\t\t\t\t\t<\/div>\n\t\t<\/section>\n\t\t\t\t\t<\/div>\n\t\t<\/div>\n\t\t\t\t\t<\/div>\n\t\t<\/section>\n\t\t\t\t<\/div>\n\t\t","protected":false},"excerpt":{"rendered":"<p>GRUPPENBUCHUNGEN FINDEN SIE ALLES, WAS SIE F\u00dcR IHR BEN\u00d6TIGEN EIN UNVERGESSLICHES EREIGNIS<\/p>\n","protected":false},"author":1,"featured_media":0,"parent":0,"menu_order":0,"comment_status":"closed","ping_status":"closed","template":"","meta":{"inline_featured_image":false,"footnotes":""},"class_list":["post-2470","page","type-page","status-publish","hentry"],"yoast_head":"<!-- This site is optimized with the Yoast SEO plugin v27.3 - https:\/\/yoast.com\/product\/yoast-seo-wordpress\/ -->\n<title>GRUPPENBUCHUNGEN - UKINO<\/title>\n<meta name=\"robots\" content=\"index, follow, max-snippet:-1, max-image-preview:large, max-video-preview:-1\" \/>\n<link rel=\"canonical\" href=\"https:\/\/ukino-hotels.com\/de\/gruppenbuchungen\/\" \/>\n<meta property=\"og:locale\" content=\"de_DE\" \/>\n<meta property=\"og:type\" content=\"article\" \/>\n<meta property=\"og:title\" content=\"GRUPPENBUCHUNGEN - UKINO\" \/>\n<meta property=\"og:description\" content=\"GRUPPENBUCHUNGEN FINDEN SIE ALLES, WAS SIE F\u00dcR IHR BEN\u00d6TIGEN EIN UNVERGESSLICHES EREIGNIS\" \/>\n<meta property=\"og:url\" content=\"https:\/\/ukino-hotels.com\/de\/gruppenbuchungen\/\" \/>\n<meta property=\"og:site_name\" content=\"UKINO\" \/>\n<meta property=\"article:modified_time\" content=\"2023-12-28T18:44:34+00:00\" \/>\n<meta name=\"twitter:card\" content=\"summary_large_image\" \/>\n<script type=\"application\/ld+json\" class=\"yoast-schema-graph\">{\"@context\":\"https:\\\/\\\/schema.org\",\"@graph\":[{\"@type\":\"WebPage\",\"@id\":\"https:\\\/\\\/ukino-hotels.com\\\/de\\\/gruppenbuchungen\\\/\",\"url\":\"https:\\\/\\\/ukino-hotels.com\\\/de\\\/gruppenbuchungen\\\/\",\"name\":\"GRUPPENBUCHUNGEN - UKINO\",\"isPartOf\":{\"@id\":\"https:\\\/\\\/ukino-hotels.com\\\/de\\\/#website\"},\"datePublished\":\"2023-02-23T13:35:19+00:00\",\"dateModified\":\"2023-12-28T18:44:34+00:00\",\"breadcrumb\":{\"@id\":\"https:\\\/\\\/ukino-hotels.com\\\/de\\\/gruppenbuchungen\\\/#breadcrumb\"},\"inLanguage\":\"de\",\"potentialAction\":[{\"@type\":\"ReadAction\",\"target\":[\"https:\\\/\\\/ukino-hotels.com\\\/de\\\/gruppenbuchungen\\\/\"]}]},{\"@type\":\"BreadcrumbList\",\"@id\":\"https:\\\/\\\/ukino-hotels.com\\\/de\\\/gruppenbuchungen\\\/#breadcrumb\",\"itemListElement\":[{\"@type\":\"ListItem\",\"position\":1,\"name\":\"Portada\",\"item\":\"https:\\\/\\\/ukino-hotels.com\\\/de\\\/\"},{\"@type\":\"ListItem\",\"position\":2,\"name\":\"GRUPPENBUCHUNGEN\"}]},{\"@type\":\"WebSite\",\"@id\":\"https:\\\/\\\/ukino-hotels.com\\\/de\\\/#website\",\"url\":\"https:\\\/\\\/ukino-hotels.com\\\/de\\\/\",\"name\":\"UKINO\",\"description\":\"HOTEL MANAGEMENT &amp; CONSULTING\",\"publisher\":{\"@id\":\"https:\\\/\\\/ukino-hotels.com\\\/de\\\/#organization\"},\"potentialAction\":[{\"@type\":\"SearchAction\",\"target\":{\"@type\":\"EntryPoint\",\"urlTemplate\":\"https:\\\/\\\/ukino-hotels.com\\\/de\\\/?s={search_term_string}\"},\"query-input\":{\"@type\":\"PropertyValueSpecification\",\"valueRequired\":true,\"valueName\":\"search_term_string\"}}],\"inLanguage\":\"de\"},{\"@type\":\"Organization\",\"@id\":\"https:\\\/\\\/ukino-hotels.com\\\/de\\\/#organization\",\"name\":\"UKINO\",\"url\":\"https:\\\/\\\/ukino-hotels.com\\\/de\\\/\",\"logo\":{\"@type\":\"ImageObject\",\"inLanguage\":\"de\",\"@id\":\"https:\\\/\\\/ukino-hotels.com\\\/de\\\/#\\\/schema\\\/logo\\\/image\\\/\",\"url\":\"https:\\\/\\\/ukino-hotels.com\\\/wp-content\\\/uploads\\\/2023\\\/02\\\/logo_ukino.svg\",\"contentUrl\":\"https:\\\/\\\/ukino-hotels.com\\\/wp-content\\\/uploads\\\/2023\\\/02\\\/logo_ukino.svg\",\"width\":157,\"height\":145,\"caption\":\"UKINO\"},\"image\":{\"@id\":\"https:\\\/\\\/ukino-hotels.com\\\/de\\\/#\\\/schema\\\/logo\\\/image\\\/\"}}]}<\/script>\n<!-- \/ Yoast SEO plugin. -->","yoast_head_json":{"title":"GRUPPENBUCHUNGEN - UKINO","robots":{"index":"index","follow":"follow","max-snippet":"max-snippet:-1","max-image-preview":"max-image-preview:large","max-video-preview":"max-video-preview:-1"},"canonical":"https:\/\/ukino-hotels.com\/de\/gruppenbuchungen\/","og_locale":"de_DE","og_type":"article","og_title":"GRUPPENBUCHUNGEN - UKINO","og_description":"GRUPPENBUCHUNGEN FINDEN SIE ALLES, WAS SIE F\u00dcR IHR BEN\u00d6TIGEN EIN UNVERGESSLICHES EREIGNIS","og_url":"https:\/\/ukino-hotels.com\/de\/gruppenbuchungen\/","og_site_name":"UKINO","article_modified_time":"2023-12-28T18:44:34+00:00","twitter_card":"summary_large_image","schema":{"@context":"https:\/\/schema.org","@graph":[{"@type":"WebPage","@id":"https:\/\/ukino-hotels.com\/de\/gruppenbuchungen\/","url":"https:\/\/ukino-hotels.com\/de\/gruppenbuchungen\/","name":"GRUPPENBUCHUNGEN - UKINO","isPartOf":{"@id":"https:\/\/ukino-hotels.com\/de\/#website"},"datePublished":"2023-02-23T13:35:19+00:00","dateModified":"2023-12-28T18:44:34+00:00","breadcrumb":{"@id":"https:\/\/ukino-hotels.com\/de\/gruppenbuchungen\/#breadcrumb"},"inLanguage":"de","potentialAction":[{"@type":"ReadAction","target":["https:\/\/ukino-hotels.com\/de\/gruppenbuchungen\/"]}]},{"@type":"BreadcrumbList","@id":"https:\/\/ukino-hotels.com\/de\/gruppenbuchungen\/#breadcrumb","itemListElement":[{"@type":"ListItem","position":1,"name":"Portada","item":"https:\/\/ukino-hotels.com\/de\/"},{"@type":"ListItem","position":2,"name":"GRUPPENBUCHUNGEN"}]},{"@type":"WebSite","@id":"https:\/\/ukino-hotels.com\/de\/#website","url":"https:\/\/ukino-hotels.com\/de\/","name":"UKINO","description":"HOTEL MANAGEMENT &amp; CONSULTING","publisher":{"@id":"https:\/\/ukino-hotels.com\/de\/#organization"},"potentialAction":[{"@type":"SearchAction","target":{"@type":"EntryPoint","urlTemplate":"https:\/\/ukino-hotels.com\/de\/?s={search_term_string}"},"query-input":{"@type":"PropertyValueSpecification","valueRequired":true,"valueName":"search_term_string"}}],"inLanguage":"de"},{"@type":"Organization","@id":"https:\/\/ukino-hotels.com\/de\/#organization","name":"UKINO","url":"https:\/\/ukino-hotels.com\/de\/","logo":{"@type":"ImageObject","inLanguage":"de","@id":"https:\/\/ukino-hotels.com\/de\/#\/schema\/logo\/image\/","url":"https:\/\/ukino-hotels.com\/wp-content\/uploads\/2023\/02\/logo_ukino.svg","contentUrl":"https:\/\/ukino-hotels.com\/wp-content\/uploads\/2023\/02\/logo_ukino.svg","width":157,"height":145,"caption":"UKINO"},"image":{"@id":"https:\/\/ukino-hotels.com\/de\/#\/schema\/logo\/image\/"}}]}},"_links":{"self":[{"href":"https:\/\/ukino-hotels.com\/de\/wp-json\/wp\/v2\/pages\/2470","targetHints":{"allow":["GET"]}}],"collection":[{"href":"https:\/\/ukino-hotels.com\/de\/wp-json\/wp\/v2\/pages"}],"about":[{"href":"https:\/\/ukino-hotels.com\/de\/wp-json\/wp\/v2\/types\/page"}],"author":[{"embeddable":true,"href":"https:\/\/ukino-hotels.com\/de\/wp-json\/wp\/v2\/users\/1"}],"replies":[{"embeddable":true,"href":"https:\/\/ukino-hotels.com\/de\/wp-json\/wp\/v2\/comments?post=2470"}],"version-history":[{"count":3,"href":"https:\/\/ukino-hotels.com\/de\/wp-json\/wp\/v2\/pages\/2470\/revisions"}],"predecessor-version":[{"id":2541,"href":"https:\/\/ukino-hotels.com\/de\/wp-json\/wp\/v2\/pages\/2470\/revisions\/2541"}],"wp:attachment":[{"href":"https:\/\/ukino-hotels.com\/de\/wp-json\/wp\/v2\/media?parent=2470"}],"curies":[{"name":"wp","href":"https:\/\/api.w.org\/{rel}","templated":true}]}}