{"id":2216,"date":"2023-02-23T13:35:19","date_gmt":"2023-02-23T13:35:19","guid":{"rendered":"https:\/\/ukino-hotels.com\/reservations-de-groupe\/"},"modified":"2023-12-12T16:33:08","modified_gmt":"2023-12-12T16:33:08","slug":"reservations-de-groupe","status":"publish","type":"page","link":"https:\/\/ukino-hotels.com\/fr\/reservations-de-groupe\/","title":{"rendered":"R\u00c9SERVATIONS DE GROUPE"},"content":{"rendered":"\t\t<div data-elementor-type=\"wp-page\" data-elementor-id=\"2216\" class=\"elementor elementor-2216 elementor-602\" data-elementor-post-type=\"page\">\n\t\t\t\t\t\t<section class=\"elementor-section elementor-top-section elementor-element elementor-element-be1a22f elementor-section-height-min-height elementor-section-boxed elementor-section-height-default elementor-section-items-middle\" data-id=\"be1a22f\" data-element_type=\"section\" data-e-type=\"section\" data-settings=\"{&quot;background_background&quot;:&quot;classic&quot;,&quot;jet_parallax_layout_list&quot;:[]}\">\n\t\t\t\t\t\t\t<div class=\"elementor-background-overlay\"><\/div>\n\t\t\t\t\t\t\t<div class=\"elementor-container elementor-column-gap-default\">\n\t\t\t\t\t<div class=\"elementor-column elementor-col-100 elementor-top-column elementor-element elementor-element-50af670\" data-id=\"50af670\" data-element_type=\"column\" data-e-type=\"column\">\n\t\t\t<div class=\"elementor-widget-wrap elementor-element-populated\">\n\t\t\t\t\t\t<div class=\"elementor-element elementor-element-5e77a76 elementor-widget elementor-widget-heading\" data-id=\"5e77a76\" data-element_type=\"widget\" data-e-type=\"widget\" data-widget_type=\"heading.default\">\n\t\t\t\t<div class=\"elementor-widget-container\">\n\t\t\t\t\t<div class=\"elementor-heading-title elementor-size-default\">R\u00c9SERVATIONS DE GROUPE<\/div>\t\t\t\t<\/div>\n\t\t\t\t<\/div>\n\t\t\t\t\t<\/div>\n\t\t<\/div>\n\t\t\t\t\t<\/div>\n\t\t<\/section>\n\t\t\t\t<section class=\"elementor-section elementor-top-section elementor-element elementor-element-a2b24d4 elementor-section-boxed elementor-section-height-default elementor-section-height-default\" data-id=\"a2b24d4\" data-element_type=\"section\" data-e-type=\"section\" data-settings=\"{&quot;jet_parallax_layout_list&quot;:[]}\">\n\t\t\t\t\t\t<div class=\"elementor-container elementor-column-gap-default\">\n\t\t\t\t\t<div class=\"elementor-column elementor-col-100 elementor-top-column elementor-element elementor-element-f0c78d1\" data-id=\"f0c78d1\" data-element_type=\"column\" data-e-type=\"column\">\n\t\t\t<div class=\"elementor-widget-wrap elementor-element-populated\">\n\t\t\t\t\t\t<div class=\"elementor-element elementor-element-672c36a elementor-widget elementor-widget-heading\" data-id=\"672c36a\" data-element_type=\"widget\" data-e-type=\"widget\" data-widget_type=\"heading.default\">\n\t\t\t\t<div class=\"elementor-widget-container\">\n\t\t\t\t\t<h2 class=\"elementor-heading-title elementor-size-default\">TROUVEZ TOUT CE DONT VOUS AVEZ BESOIN POUR VOTRE\n\u00c9V\u00c9NEMENT INOUBLIABLE<\/h2>\t\t\t\t<\/div>\n\t\t\t\t<\/div>\n\t\t\t\t\t<\/div>\n\t\t<\/div>\n\t\t\t\t\t<\/div>\n\t\t<\/section>\n\t\t\t\t<section class=\"elementor-section elementor-top-section elementor-element elementor-element-170d4ea elementor-section-boxed elementor-section-height-default elementor-section-height-default\" data-id=\"170d4ea\" data-element_type=\"section\" data-e-type=\"section\" data-settings=\"{&quot;jet_parallax_layout_list&quot;:[]}\">\n\t\t\t\t\t\t<div class=\"elementor-container elementor-column-gap-default\">\n\t\t\t\t\t<div class=\"elementor-column elementor-col-100 elementor-top-column elementor-element elementor-element-5357ca8\" data-id=\"5357ca8\" data-element_type=\"column\" data-e-type=\"column\">\n\t\t\t<div class=\"elementor-widget-wrap elementor-element-populated\">\n\t\t\t\t\t\t<section class=\"elementor-section elementor-inner-section elementor-element elementor-element-e577a56 elementor-section-boxed elementor-section-height-default elementor-section-height-default\" data-id=\"e577a56\" data-element_type=\"section\" data-e-type=\"section\" data-settings=\"{&quot;jet_parallax_layout_list&quot;:[],&quot;background_background&quot;:&quot;classic&quot;}\">\n\t\t\t\t\t\t<div class=\"elementor-container elementor-column-gap-default\">\n\t\t\t\t\t<div class=\"elementor-column elementor-col-100 elementor-inner-column elementor-element elementor-element-1ef6691\" data-id=\"1ef6691\" data-element_type=\"column\" data-e-type=\"column\">\n\t\t\t<div class=\"elementor-widget-wrap elementor-element-populated\">\n\t\t\t\t\t\t<div class=\"elementor-element elementor-element-5ec25b8 elementor-button-align-stretch elementor-widget elementor-widget-form\" data-id=\"5ec25b8\" data-element_type=\"widget\" data-e-type=\"widget\" data-settings=\"{&quot;step_next_label&quot;:&quot;Suivant&quot;,&quot;step_previous_label&quot;:&quot;Pr\\u00e9c\\u00e9dent&quot;,&quot;button_width&quot;:&quot;100&quot;,&quot;step_type&quot;:&quot;number_text&quot;,&quot;step_icon_shape&quot;:&quot;circle&quot;}\" data-widget_type=\"form.default\">\n\t\t\t\t<div class=\"elementor-widget-container\">\n\t\t\t\t\t\t\t<form class=\"elementor-form\" method=\"post\" name=\"New Form\" aria-label=\"New Form\">\n\t\t\t<input type=\"hidden\" name=\"post_id\" value=\"2216\"\/>\n\t\t\t<input type=\"hidden\" name=\"form_id\" value=\"5ec25b8\"\/>\n\t\t\t<input type=\"hidden\" name=\"referer_title\" value=\"R\u00c9SERVATIONS DE GROUPE - UKINO\" \/>\n\n\t\t\t\t\t\t\t<input type=\"hidden\" name=\"queried_id\" value=\"2216\"\/>\n\t\t\t\n\t\t\t<div class=\"elementor-form-fields-wrapper elementor-labels-above\">\n\t\t\t\t\t\t\t\t<div class=\"elementor-field-type-text elementor-field-group elementor-column elementor-field-group-name elementor-col-100 elementor-field-required\">\n\t\t\t\t\t\t\t\t\t\t\t\t<label for=\"form-field-name\" class=\"elementor-field-label\">\n\t\t\t\t\t\t\t\tNOM *\t\t\t\t\t\t\t<\/label>\n\t\t\t\t\t\t\t\t\t\t\t\t\t\t<input size=\"1\" type=\"text\" name=\"form_fields[name]\" id=\"form-field-name\" class=\"elementor-field elementor-size-sm  elementor-field-textual\" placeholder=\"NOM COMPLET\" required=\"required\">\n\t\t\t\t\t\t\t\t\t\t\t<\/div>\n\t\t\t\t\t\t\t\t<div class=\"elementor-field-type-checkbox elementor-field-group elementor-column elementor-field-group-field_b18f6ff elementor-col-50\">\n\t\t\t\t\t<div class=\"elementor-field-subgroup  \"><span class=\"elementor-field-option\"><input type=\"checkbox\" value=\"JE SUIS AGENT DE VOYAGE\" id=\"form-field-field_b18f6ff-0\" name=\"form_fields[field_b18f6ff]\"> <label for=\"form-field-field_b18f6ff-0\">JE SUIS AGENT DE VOYAGE<\/label><\/span><\/div>\t\t\t\t<\/div>\n\t\t\t\t\t\t\t\t<div class=\"elementor-field-type-text elementor-field-group elementor-column elementor-field-group-field_1accd15 elementor-col-50\">\n\t\t\t\t\t\t\t\t\t\t\t\t\t<input size=\"1\" type=\"text\" name=\"form_fields[field_1accd15]\" id=\"form-field-field_1accd15\" class=\"elementor-field elementor-size-sm  elementor-field-textual\" placeholder=\"NOM D&#039;AGENCE\">\n\t\t\t\t\t\t\t\t\t\t\t<\/div>\n\t\t\t\t\t\t\t\t<div class=\"elementor-field-type-email elementor-field-group elementor-column elementor-field-group-email elementor-col-50 elementor-field-required\">\n\t\t\t\t\t\t\t\t\t\t\t\t<label for=\"form-field-email\" class=\"elementor-field-label\">\n\t\t\t\t\t\t\t\tEMAIL *\t\t\t\t\t\t\t<\/label>\n\t\t\t\t\t\t\t\t\t\t\t\t\t\t<input size=\"1\" type=\"email\" name=\"form_fields[email]\" id=\"form-field-email\" class=\"elementor-field elementor-size-sm  elementor-field-textual\" placeholder=\"E-MAIL\" required=\"required\">\n\t\t\t\t\t\t\t\t\t\t\t<\/div>\n\t\t\t\t\t\t\t\t<div class=\"elementor-field-type-text elementor-field-group elementor-column elementor-field-group-field_1dc93f6 elementor-col-50 elementor-field-required\">\n\t\t\t\t\t\t\t\t\t\t\t\t<label for=\"form-field-field_1dc93f6\" class=\"elementor-field-label\">\n\t\t\t\t\t\t\t\tCONTACT T\u00c9L\u00c9PHONIQUE *\t\t\t\t\t\t\t<\/label>\n\t\t\t\t\t\t\t\t\t\t\t\t\t\t<input size=\"1\" type=\"text\" name=\"form_fields[field_1dc93f6]\" id=\"form-field-field_1dc93f6\" class=\"elementor-field elementor-size-sm  elementor-field-textual\" placeholder=\"NUM\u00c9RO\" required=\"required\">\n\t\t\t\t\t\t\t\t\t\t\t<\/div>\n\t\t\t\t\t\t\t\t<div class=\"elementor-field-type-text elementor-field-group elementor-column elementor-field-group-field_d36ca7a elementor-col-100\">\n\t\t\t\t\t\t\t\t\t\t\t\t<label for=\"form-field-field_d36ca7a\" class=\"elementor-field-label\">\n\t\t\t\t\t\t\t\tADRESSE\t\t\t\t\t\t\t<\/label>\n\t\t\t\t\t\t\t\t\t\t\t\t\t\t<input size=\"1\" type=\"text\" name=\"form_fields[field_d36ca7a]\" id=\"form-field-field_d36ca7a\" class=\"elementor-field elementor-size-sm  elementor-field-textual\" placeholder=\"ADRESSE COMPL\u00c8TE\">\n\t\t\t\t\t\t\t\t\t\t\t<\/div>\n\t\t\t\t\t\t\t\t<div class=\"elementor-field-type-number elementor-field-group elementor-column elementor-field-group-field_26b41dd elementor-col-50\">\n\t\t\t\t\t\t\t\t\t\t\t\t<label for=\"form-field-field_26b41dd\" class=\"elementor-field-label\">\n\t\t\t\t\t\t\t\tCODE POSTAL\t\t\t\t\t\t\t<\/label>\n\t\t\t\t\t\t\t\t\t<input type=\"number\" name=\"form_fields[field_26b41dd]\" id=\"form-field-field_26b41dd\" class=\"elementor-field elementor-size-sm  elementor-field-textual\" placeholder=\"CODE POSTAL\" min=\"\" max=\"\" >\n\t\t\t\t\t\t<\/div>\n\t\t\t\t\t\t\t\t<div class=\"elementor-field-type-url elementor-field-group elementor-column elementor-field-group-field_f0988c0 elementor-col-50\">\n\t\t\t\t\t\t\t\t\t\t\t\t<label for=\"form-field-field_f0988c0\" class=\"elementor-field-label\">\n\t\t\t\t\t\t\t\tPAGE WEB\t\t\t\t\t\t\t<\/label>\n\t\t\t\t\t\t\t\t\t\t\t\t\t\t<input size=\"1\" type=\"url\" name=\"form_fields[field_f0988c0]\" id=\"form-field-field_f0988c0\" class=\"elementor-field elementor-size-sm  elementor-field-textual\" placeholder=\"URL\">\n\t\t\t\t\t\t\t\t\t\t\t<\/div>\n\t\t\t\t\t\t\t\t<div class=\"elementor-field-type-text elementor-field-group elementor-column elementor-field-group-field_03c679a elementor-col-20 elementor-field-required\">\n\t\t\t\t\t\t\t\t\t\t\t\t<label for=\"form-field-field_03c679a\" class=\"elementor-field-label\">\n\t\t\t\t\t\t\t\tNOMBRE DE PERSONNES\t\t\t\t\t\t\t<\/label>\n\t\t\t\t\t\t\t\t\t\t\t\t\t\t<input size=\"1\" type=\"text\" name=\"form_fields[field_03c679a]\" id=\"form-field-field_03c679a\" class=\"elementor-field elementor-size-sm  elementor-field-textual\" placeholder=\"NOMBRE SP\u00c9CIFIQUE DE PERSONNES\" required=\"required\">\n\t\t\t\t\t\t\t\t\t\t\t<\/div>\n\t\t\t\t\t\t\t\t<div class=\"elementor-field-type-select elementor-field-group elementor-column elementor-field-group-field_af3bb10 elementor-col-80 elementor-field-required\">\n\t\t\t\t\t\t\t\t\t\t\t\t<label for=\"form-field-field_af3bb10\" class=\"elementor-field-label\">\n\t\t\t\t\t\t\t\tH\u00d4TEL\t\t\t\t\t\t\t<\/label>\n\t\t\t\t\t\t\t\t<div class=\"elementor-field elementor-select-wrapper remove-before \">\n\t\t\t<div class=\"select-caret-down-wrapper\">\n\t\t\t\t<i aria-hidden=\"true\" class=\"eicon-caret-down\"><\/i>\t\t\t<\/div>\n\t\t\t<select name=\"form_fields[field_af3bb10]\" id=\"form-field-field_af3bb10\" class=\"elementor-field-textual elementor-size-sm\" required=\"required\">\n\t\t\t\t\t\t\t\t\t<option value=\"Algarve (Porches): Ukino Palmeiras Village - Tout inclus\">Algarve (Porches): Ukino Palmeiras Village - Tout inclus<\/option>\n\t\t\t\t\t\t\t\t\t<option value=\"Algarve (Porches): Ukino Terrace Algarve - Seul Logement\">Algarve (Porches): Ukino Terrace Algarve - Seul Logement<\/option>\n\t\t\t\t\t\t\t\t\t<option value=\"Algarve (Porches): Ukino Terrace Algarve - H\u00e9bergement et Petit D\u00e9jeuner\">Algarve (Porches): Ukino Terrace Algarve - H\u00e9bergement et Petit D\u00e9jeuner<\/option>\n\t\t\t\t\t\t\t\t\t<option value=\"Algarve (Porches): Ukino Terrace Algarve - Demi Pension\">Algarve (Porches): Ukino Terrace Algarve - Demi Pension<\/option>\n\t\t\t\t\t\t\t\t\t<option value=\"Algarve (Porches): Ukino Terrace Algarve - Pension Compl\u00e9te\">Algarve (Porches): Ukino Terrace Algarve - Pension Compl\u00e9te<\/option>\n\t\t\t\t\t\t\t<\/select>\n\t\t<\/div>\n\t\t\t\t\t\t<\/div>\n\t\t\t\t\t\t\t\t<div class=\"elementor-field-type-textarea elementor-field-group elementor-column elementor-field-group-field_b596c9f elementor-col-100\">\n\t\t\t\t\t\t\t\t\t\t\t\t<label for=\"form-field-field_b596c9f\" class=\"elementor-field-label\">\n\t\t\t\t\t\t\t\tCOMMENTAIRES\t\t\t\t\t\t\t<\/label>\n\t\t\t\t\t\t<textarea class=\"elementor-field-textual elementor-field  elementor-size-sm\" name=\"form_fields[field_b596c9f]\" id=\"form-field-field_b596c9f\" rows=\"2\" placeholder=\"COMMENTAIRES POUR L\u2019H\u00d4TEL\"><\/textarea>\t\t\t\t<\/div>\n\t\t\t\t\t\t\t\t<div class=\"elementor-field-type-html elementor-field-group elementor-column elementor-field-group-field_ada7f7f elementor-col-100\">\n\t\t\t\t\tEn fournissant vos donn\u00e9es personnelles \u00e0 Short Points-LDA, vous consentez express\u00e9ment \u00e0 ce que vos donn\u00e9es soient trait\u00e9es exclusivement pour les besoins de votre demande, en \u00e9tant conserv\u00e9es pendant la dur\u00e9e strictement n\u00e9cessaire \u00e0 cette finalit\u00e9. Si vous souhaitez exercer l'un de vos droits en vertu du R\u00e8glement europ\u00e9en sur la protection des donn\u00e9es, vous pouvez le faire dans les conditions \u00e9nonc\u00e9es dans notre Politique de confidentialit\u00e9.\t\t\t\t<\/div>\n\t\t\t\t\t\t\t\t<div class=\"elementor-field-type-acceptance elementor-field-group elementor-column elementor-field-group-field_8c44cfb elementor-col-100 elementor-field-required\">\n\t\t\t\t\t\t\t<div class=\"elementor-field-subgroup\">\n\t\t\t<span class=\"elementor-field-option\">\n\t\t\t\t<input type=\"checkbox\" name=\"form_fields[field_8c44cfb]\" id=\"form-field-field_8c44cfb\" class=\"elementor-field elementor-size-sm  elementor-acceptance-field\" required=\"required\">\n\t\t\t\t<label for=\"form-field-field_8c44cfb\">J'ai lu et j'accepte les termes et conditions d\u00e9crits ci-dessus en relation avec le traitement des donn\u00e9es et la <a href=\"https:\/\/ukino-hotels.com\/politica-de-privacidade\/\" target=\"_blank\"><u>politique de confidentialit\u00e9<\/u><\/a> da SHORT POINTS \u2013 LDA<\/label>\t\t\t<\/span>\n\t\t<\/div>\n\t\t\t\t\t\t<\/div>\n\t\t\t\t\t\t\t\t<div class=\"elementor-field-group elementor-column elementor-field-type-submit elementor-col-100 e-form__buttons\">\n\t\t\t\t\t<button class=\"elementor-button elementor-size-sm\" type=\"submit\">\n\t\t\t\t\t\t<span class=\"elementor-button-content-wrapper\">\n\t\t\t\t\t\t\t\t\t\t\t\t\t\t\t\t\t\t\t\t\t\t<span class=\"elementor-button-text\">ENVOYER<\/span>\n\t\t\t\t\t\t\t\t\t\t\t\t\t<\/span>\n\t\t\t\t\t<\/button>\n\t\t\t\t<\/div>\n\t\t\t<\/div>\n\t\t<\/form>\n\t\t\t\t\t\t<\/div>\n\t\t\t\t<\/div>\n\t\t\t\t\t<\/div>\n\t\t<\/div>\n\t\t\t\t\t<\/div>\n\t\t<\/section>\n\t\t\t\t\t<\/div>\n\t\t<\/div>\n\t\t\t\t\t<\/div>\n\t\t<\/section>\n\t\t\t\t<\/div>\n\t\t","protected":false},"excerpt":{"rendered":"<p>R\u00c9SERVATIONS DE GROUPE TROUVEZ TOUT CE DONT VOUS AVEZ BESOIN POUR VOTRE \u00c9V\u00c9NEMENT INOUBLIABLE<\/p>\n","protected":false},"author":1,"featured_media":0,"parent":0,"menu_order":0,"comment_status":"closed","ping_status":"closed","template":"","meta":{"inline_featured_image":false,"footnotes":""},"class_list":["post-2216","page","type-page","status-publish","hentry"],"yoast_head":"<!-- This site is optimized with the Yoast SEO plugin v27.3 - https:\/\/yoast.com\/product\/yoast-seo-wordpress\/ -->\n<title>R\u00c9SERVATIONS DE GROUPE - UKINO<\/title>\n<meta name=\"robots\" content=\"index, follow, max-snippet:-1, max-image-preview:large, max-video-preview:-1\" \/>\n<link rel=\"canonical\" href=\"https:\/\/ukino-hotels.com\/fr\/reservations-de-groupe\/\" \/>\n<meta property=\"og:locale\" content=\"fr_FR\" \/>\n<meta property=\"og:type\" content=\"article\" \/>\n<meta property=\"og:title\" content=\"R\u00c9SERVATIONS DE GROUPE - UKINO\" \/>\n<meta property=\"og:description\" content=\"R\u00c9SERVATIONS DE GROUPE TROUVEZ TOUT CE DONT VOUS AVEZ BESOIN POUR VOTRE \u00c9V\u00c9NEMENT INOUBLIABLE\" \/>\n<meta property=\"og:url\" content=\"https:\/\/ukino-hotels.com\/fr\/reservations-de-groupe\/\" \/>\n<meta property=\"og:site_name\" content=\"UKINO\" \/>\n<meta property=\"article:modified_time\" content=\"2023-12-12T16:33:08+00:00\" \/>\n<meta name=\"twitter:card\" content=\"summary_large_image\" \/>\n<script type=\"application\/ld+json\" class=\"yoast-schema-graph\">{\"@context\":\"https:\\\/\\\/schema.org\",\"@graph\":[{\"@type\":\"WebPage\",\"@id\":\"https:\\\/\\\/ukino-hotels.com\\\/fr\\\/reservations-de-groupe\\\/\",\"url\":\"https:\\\/\\\/ukino-hotels.com\\\/fr\\\/reservations-de-groupe\\\/\",\"name\":\"R\u00c9SERVATIONS DE GROUPE - UKINO\",\"isPartOf\":{\"@id\":\"https:\\\/\\\/ukino-hotels.com\\\/fr\\\/#website\"},\"datePublished\":\"2023-02-23T13:35:19+00:00\",\"dateModified\":\"2023-12-12T16:33:08+00:00\",\"breadcrumb\":{\"@id\":\"https:\\\/\\\/ukino-hotels.com\\\/fr\\\/reservations-de-groupe\\\/#breadcrumb\"},\"inLanguage\":\"fr-FR\",\"potentialAction\":[{\"@type\":\"ReadAction\",\"target\":[\"https:\\\/\\\/ukino-hotels.com\\\/fr\\\/reservations-de-groupe\\\/\"]}]},{\"@type\":\"BreadcrumbList\",\"@id\":\"https:\\\/\\\/ukino-hotels.com\\\/fr\\\/reservations-de-groupe\\\/#breadcrumb\",\"itemListElement\":[{\"@type\":\"ListItem\",\"position\":1,\"name\":\"Portada\",\"item\":\"https:\\\/\\\/ukino-hotels.com\\\/fr\\\/\"},{\"@type\":\"ListItem\",\"position\":2,\"name\":\"R\u00c9SERVATIONS DE GROUPE\"}]},{\"@type\":\"WebSite\",\"@id\":\"https:\\\/\\\/ukino-hotels.com\\\/fr\\\/#website\",\"url\":\"https:\\\/\\\/ukino-hotels.com\\\/fr\\\/\",\"name\":\"UKINO\",\"description\":\"HOTEL MANAGEMENT &amp; CONSULTING\",\"publisher\":{\"@id\":\"https:\\\/\\\/ukino-hotels.com\\\/fr\\\/#organization\"},\"potentialAction\":[{\"@type\":\"SearchAction\",\"target\":{\"@type\":\"EntryPoint\",\"urlTemplate\":\"https:\\\/\\\/ukino-hotels.com\\\/fr\\\/?s={search_term_string}\"},\"query-input\":{\"@type\":\"PropertyValueSpecification\",\"valueRequired\":true,\"valueName\":\"search_term_string\"}}],\"inLanguage\":\"fr-FR\"},{\"@type\":\"Organization\",\"@id\":\"https:\\\/\\\/ukino-hotels.com\\\/fr\\\/#organization\",\"name\":\"UKINO\",\"url\":\"https:\\\/\\\/ukino-hotels.com\\\/fr\\\/\",\"logo\":{\"@type\":\"ImageObject\",\"inLanguage\":\"fr-FR\",\"@id\":\"https:\\\/\\\/ukino-hotels.com\\\/fr\\\/#\\\/schema\\\/logo\\\/image\\\/\",\"url\":\"https:\\\/\\\/ukino-hotels.com\\\/wp-content\\\/uploads\\\/2023\\\/02\\\/logo_ukino.svg\",\"contentUrl\":\"https:\\\/\\\/ukino-hotels.com\\\/wp-content\\\/uploads\\\/2023\\\/02\\\/logo_ukino.svg\",\"width\":157,\"height\":145,\"caption\":\"UKINO\"},\"image\":{\"@id\":\"https:\\\/\\\/ukino-hotels.com\\\/fr\\\/#\\\/schema\\\/logo\\\/image\\\/\"}}]}<\/script>\n<!-- \/ Yoast SEO plugin. -->","yoast_head_json":{"title":"R\u00c9SERVATIONS DE GROUPE - UKINO","robots":{"index":"index","follow":"follow","max-snippet":"max-snippet:-1","max-image-preview":"max-image-preview:large","max-video-preview":"max-video-preview:-1"},"canonical":"https:\/\/ukino-hotels.com\/fr\/reservations-de-groupe\/","og_locale":"fr_FR","og_type":"article","og_title":"R\u00c9SERVATIONS DE GROUPE - UKINO","og_description":"R\u00c9SERVATIONS DE GROUPE TROUVEZ TOUT CE DONT VOUS AVEZ BESOIN POUR VOTRE \u00c9V\u00c9NEMENT INOUBLIABLE","og_url":"https:\/\/ukino-hotels.com\/fr\/reservations-de-groupe\/","og_site_name":"UKINO","article_modified_time":"2023-12-12T16:33:08+00:00","twitter_card":"summary_large_image","schema":{"@context":"https:\/\/schema.org","@graph":[{"@type":"WebPage","@id":"https:\/\/ukino-hotels.com\/fr\/reservations-de-groupe\/","url":"https:\/\/ukino-hotels.com\/fr\/reservations-de-groupe\/","name":"R\u00c9SERVATIONS DE GROUPE - UKINO","isPartOf":{"@id":"https:\/\/ukino-hotels.com\/fr\/#website"},"datePublished":"2023-02-23T13:35:19+00:00","dateModified":"2023-12-12T16:33:08+00:00","breadcrumb":{"@id":"https:\/\/ukino-hotels.com\/fr\/reservations-de-groupe\/#breadcrumb"},"inLanguage":"fr-FR","potentialAction":[{"@type":"ReadAction","target":["https:\/\/ukino-hotels.com\/fr\/reservations-de-groupe\/"]}]},{"@type":"BreadcrumbList","@id":"https:\/\/ukino-hotels.com\/fr\/reservations-de-groupe\/#breadcrumb","itemListElement":[{"@type":"ListItem","position":1,"name":"Portada","item":"https:\/\/ukino-hotels.com\/fr\/"},{"@type":"ListItem","position":2,"name":"R\u00c9SERVATIONS DE GROUPE"}]},{"@type":"WebSite","@id":"https:\/\/ukino-hotels.com\/fr\/#website","url":"https:\/\/ukino-hotels.com\/fr\/","name":"UKINO","description":"HOTEL MANAGEMENT &amp; CONSULTING","publisher":{"@id":"https:\/\/ukino-hotels.com\/fr\/#organization"},"potentialAction":[{"@type":"SearchAction","target":{"@type":"EntryPoint","urlTemplate":"https:\/\/ukino-hotels.com\/fr\/?s={search_term_string}"},"query-input":{"@type":"PropertyValueSpecification","valueRequired":true,"valueName":"search_term_string"}}],"inLanguage":"fr-FR"},{"@type":"Organization","@id":"https:\/\/ukino-hotels.com\/fr\/#organization","name":"UKINO","url":"https:\/\/ukino-hotels.com\/fr\/","logo":{"@type":"ImageObject","inLanguage":"fr-FR","@id":"https:\/\/ukino-hotels.com\/fr\/#\/schema\/logo\/image\/","url":"https:\/\/ukino-hotels.com\/wp-content\/uploads\/2023\/02\/logo_ukino.svg","contentUrl":"https:\/\/ukino-hotels.com\/wp-content\/uploads\/2023\/02\/logo_ukino.svg","width":157,"height":145,"caption":"UKINO"},"image":{"@id":"https:\/\/ukino-hotels.com\/fr\/#\/schema\/logo\/image\/"}}]}},"_links":{"self":[{"href":"https:\/\/ukino-hotels.com\/fr\/wp-json\/wp\/v2\/pages\/2216","targetHints":{"allow":["GET"]}}],"collection":[{"href":"https:\/\/ukino-hotels.com\/fr\/wp-json\/wp\/v2\/pages"}],"about":[{"href":"https:\/\/ukino-hotels.com\/fr\/wp-json\/wp\/v2\/types\/page"}],"author":[{"embeddable":true,"href":"https:\/\/ukino-hotels.com\/fr\/wp-json\/wp\/v2\/users\/1"}],"replies":[{"embeddable":true,"href":"https:\/\/ukino-hotels.com\/fr\/wp-json\/wp\/v2\/comments?post=2216"}],"version-history":[{"count":6,"href":"https:\/\/ukino-hotels.com\/fr\/wp-json\/wp\/v2\/pages\/2216\/revisions"}],"predecessor-version":[{"id":2538,"href":"https:\/\/ukino-hotels.com\/fr\/wp-json\/wp\/v2\/pages\/2216\/revisions\/2538"}],"wp:attachment":[{"href":"https:\/\/ukino-hotels.com\/fr\/wp-json\/wp\/v2\/media?parent=2216"}],"curies":[{"name":"wp","href":"https:\/\/api.w.org\/{rel}","templated":true}]}}